{"id":88,"date":"2025-01-05T14:36:34","date_gmt":"2025-01-05T14:36:34","guid":{"rendered":"https:\/\/englishlab.net\/esteln\/?page_id=88"},"modified":"2025-01-05T14:39:09","modified_gmt":"2025-01-05T14:39:09","slug":"kaandenimed-ja-tyybid","status":"publish","type":"page","link":"https:\/\/englishlab.net\/esteln\/kaanded\/kaandenimed-ja-tyybid\/","title":{"rendered":"K\u00e4\u00e4ndenimed ja -t\u00fc\u00fcbid"},"content":{"rendered":"<div class=\"h5p-iframe-wrapper\"><iframe id=\"h5p-iframe-1\" class=\"h5p-iframe\" data-content-id=\"1\" style=\"height:1px\" src=\"about:blank\" frameBorder=\"0\" scrolling=\"no\" title=\"k\u00e4\u00e4nded\"><\/iframe><\/div>\n","protected":false},"excerpt":{"rendered":"","protected":false},"author":1,"featured_media":0,"parent":29,"menu_order":0,"comment_status":"closed","ping_status":"closed","template":"","meta":{"footnotes":""},"class_list":["post-88","page","type-page","status-publish","hentry"],"_links":{"self":[{"href":"https:\/\/englishlab.net\/esteln\/wp-json\/wp\/v2\/pages\/88","targetHints":{"allow":["GET"]}}],"collection":[{"href":"https:\/\/englishlab.net\/esteln\/wp-json\/wp\/v2\/pages"}],"about":[{"href":"https:\/\/englishlab.net\/esteln\/wp-json\/wp\/v2\/types\/page"}],"author":[{"embeddable":true,"href":"https:\/\/englishlab.net\/esteln\/wp-json\/wp\/v2\/users\/1"}],"replies":[{"embeddable":true,"href":"https:\/\/englishlab.net\/esteln\/wp-json\/wp\/v2\/comments?post=88"}],"version-history":[{"count":1,"href":"https:\/\/englishlab.net\/esteln\/wp-json\/wp\/v2\/pages\/88\/revisions"}],"predecessor-version":[{"id":89,"href":"https:\/\/englishlab.net\/esteln\/wp-json\/wp\/v2\/pages\/88\/revisions\/89"}],"up":[{"embeddable":true,"href":"https:\/\/englishlab.net\/esteln\/wp-json\/wp\/v2\/pages\/29"}],"wp:attachment":[{"href":"https:\/\/englishlab.net\/esteln\/wp-json\/wp\/v2\/media?parent=88"}],"curies":[{"name":"wp","href":"https:\/\/api.w.org\/{rel}","templated":true}]}}